{"id":15141,"date":"2024-07-29T13:15:57","date_gmt":"2024-07-29T17:15:57","guid":{"rendered":"https:\/\/groupealtan.com\/offre-de-services\/"},"modified":"2025-12-15T14:34:26","modified_gmt":"2025-12-15T19:34:26","slug":"service-offer","status":"publish","type":"page","link":"https:\/\/groupealtan.com\/en\/service-offer\/","title":{"rendered":"Service offer"},"content":{"rendered":"<div class=\"wpb-content-wrapper\"><p>[vc_row full_width=&#8221;stretch_row&#8221;][vc_column][vc_single_image image=&#8221;14721&#8243; img_size=&#8221;full&#8221; alignment=&#8221;center&#8221; onclick=&#8221;custom_link&#8221; img_link_target=&#8221;_blank&#8221; css=&#8221;&#8221; link=&#8221;https:\/\/groupealtan.com\/wp-content\/uploads\/En-Offre-de-services-Groupe-Altan.pdf&#8221;]<style type=\"text\/css\">.thegem-button-69f43546dfba28315 .gem-button svg {fill: #32604D;}.thegem-button-69f43546dfba28315 .gem-button:hover svg {fill: #FFFFFF;}<\/style><div class=\"gem-button-container gem-button-position-center thegem-button-69f43546dfba28315    \"  ><a class=\"gem-button gem-button-size-medium gem-button-style-outline gem-button-text-weight-normal gem-button-border-2\" data-ll-effect=\"drop-right-without-wrap\" style=\"border-radius: 3px;border-color: #32604D;background: linear-gradient(to bottom, #FFFFFF, #FFFFFF);color: #32604D;\" onmouseleave=\"this.style.borderColor='#32604D';this.style.backgroundColor='transparent';this.style.color='#32604D';this.style.background='linear-gradient(to bottom , #FFFFFF , #FFFFFF)';\" onmouseenter=\"this.style.borderColor='#32604D';this.style.backgroundColor='#32604D';this.style.color='#FFFFFF';this.style.background='linear-gradient(to bottom , #32604D , #32604D)';\" href=\"https:\/\/groupealtan.com\/wp-content\/uploads\/Service-offer-1.pdf\" target=\"_blank\">Explore our range of services by clicking here!<\/a><\/div> [\/vc_column][\/vc_row]<\/p>\n<\/div>","protected":false},"excerpt":{"rendered":"<p>[vc_row full_width=&#8221;stretch_row&#8221;][vc_column][vc_single_image image=&#8221;14721&#8243; img_size=&#8221;full&#8221; alignment=&#8221;center&#8221; onclick=&#8221;custom_link&#8221; img_link_target=&#8221;_blank&#8221; css=&#8221;&#8221; link=&#8221;https:\/\/groupealtan.com\/wp-content\/uploads\/En-Offre-de-services-Groupe-Altan.pdf&#8221;][\/vc_column][\/vc_row]<\/p>\n","protected":false},"author":5,"featured_media":0,"parent":0,"menu_order":0,"comment_status":"closed","ping_status":"closed","template":"","meta":{"footnotes":""},"class_list":["post-15141","page","type-page","status-publish"],"yoast_head":"<!-- This site is optimized with the Yoast SEO plugin v27.4 - https:\/\/yoast.com\/product\/yoast-seo-wordpress\/ -->\n<title>Service offer - Groupe Altan<\/title>\n<meta name=\"description\" content=\"Nous vous offrons des solutions industrielles compl\u00e8tes et adapt\u00e9es \u00e0 tous vos projets \u00e0 travers le Qu\u00e9bec. Chez \ud835\uddda\ud835\uddff\ud835\uddfc\ud835\ude02\ud835\uddfd\ud835\uddf2 \ud835\uddd4\ud835\uddf9\ud835\ude01\ud835\uddee\ud835\uddfb, vous trouverez tous les services n\u00e9cessaires regroup\u00e9s en un seul endroit, simplifiant ainsi la gestion de vos projets industriels. \ud835\uddd4\ud835\ude01\ud835\ude01\ud835\uddf2\ud835\uddf6\ud835\uddf4\ud835\uddfb\ud835\uddf2\ud835\ude07 \ud835\uddf1\ud835\uddf2 \ud835\uddfb\ud835\uddfc\ud835\ude02\ud835\ude03\ud835\uddf2\ud835\uddee\ud835\ude02\ud835\ude05 \ud835\ude00\ud835\uddfc\ud835\uddfa\ud835\uddfa\ud835\uddf2\ud835\ude01\ud835\ude00 \ud835\uddee\ud835\ude03\ud835\uddf2\ud835\uddf0 \ud835\uddfb\ud835\uddfc\ud835\ude02\ud835\ude00!\" \/>\n<meta name=\"robots\" content=\"index, follow, max-snippet:-1, max-image-preview:large, max-video-preview:-1\" \/>\n<link rel=\"canonical\" href=\"https:\/\/groupealtan.com\/en\/service-offer\/\" \/>\n<meta property=\"og:locale\" content=\"en_US\" \/>\n<meta property=\"og:type\" content=\"article\" \/>\n<meta property=\"og:title\" content=\"Offre de services - Groupe Altan\" \/>\n<meta property=\"og:description\" content=\"Nous vous offrons des solutions industrielles compl\u00e8tes et adapt\u00e9es \u00e0 tous vos projets \u00e0 travers le Qu\u00e9bec. Chez \ud835\uddda\ud835\uddff\ud835\uddfc\ud835\ude02\ud835\uddfd\ud835\uddf2 \ud835\uddd4\ud835\uddf9\ud835\ude01\ud835\uddee\ud835\uddfb, vous trouverez tous les services n\u00e9cessaires regroup\u00e9s en un seul endroit, simplifiant ainsi la gestion de vos projets industriels. \ud835\uddd4\ud835\ude01\ud835\ude01\ud835\uddf2\ud835\uddf6\ud835\uddf4\ud835\uddfb\ud835\uddf2\ud835\ude07 \ud835\uddf1\ud835\uddf2 \ud835\uddfb\ud835\uddfc\ud835\ude02\ud835\ude03\ud835\uddf2\ud835\uddee\ud835\ude02\ud835\ude05 \ud835\ude00\ud835\uddfc\ud835\uddfa\ud835\uddfa\ud835\uddf2\ud835\ude01\ud835\ude00 \ud835\uddee\ud835\ude03\ud835\uddf2\ud835\uddf0 \ud835\uddfb\ud835\uddfc\ud835\ude02\ud835\ude00!\" \/>\n<meta property=\"og:url\" content=\"https:\/\/groupealtan.com\/en\/service-offer\/\" \/>\n<meta property=\"og:site_name\" content=\"Groupe Altan\" \/>\n<meta property=\"article:publisher\" content=\"https:\/\/www.facebook.com\/groupealtan\" \/>\n<meta property=\"article:modified_time\" content=\"2025-12-15T19:34:26+00:00\" \/>\n<meta property=\"og:image\" content=\"https:\/\/groupealtan.com\/wp-content\/uploads\/Offre-de-services-Groupe-Altan.png\" \/>\n\t<meta property=\"og:image:width\" content=\"1920\" \/>\n\t<meta property=\"og:image:height\" content=\"1080\" \/>\n\t<meta property=\"og:image:type\" content=\"image\/png\" \/>\n<meta name=\"twitter:card\" content=\"summary_large_image\" \/>\n<meta name=\"twitter:label1\" content=\"Est. reading time\" \/>\n\t<meta name=\"twitter:data1\" content=\"1 minute\" \/>\n<script type=\"application\/ld+json\" class=\"yoast-schema-graph\">{\"@context\":\"https:\\\/\\\/schema.org\",\"@graph\":[{\"@type\":\"WebPage\",\"@id\":\"https:\\\/\\\/groupealtan.com\\\/en\\\/service-offer\\\/\",\"url\":\"https:\\\/\\\/groupealtan.com\\\/en\\\/service-offer\\\/\",\"name\":\"Service offer - Groupe Altan\",\"isPartOf\":{\"@id\":\"https:\\\/\\\/groupealtan.com\\\/#website\"},\"datePublished\":\"2024-07-29T17:15:57+00:00\",\"dateModified\":\"2025-12-15T19:34:26+00:00\",\"description\":\"Nous vous offrons des solutions industrielles compl\u00e8tes et adapt\u00e9es \u00e0 tous vos projets \u00e0 travers le Qu\u00e9bec. Chez \ud835\uddda\ud835\uddff\ud835\uddfc\ud835\ude02\ud835\uddfd\ud835\uddf2 \ud835\uddd4\ud835\uddf9\ud835\ude01\ud835\uddee\ud835\uddfb, vous trouverez tous les services n\u00e9cessaires regroup\u00e9s en un seul endroit, simplifiant ainsi la gestion de vos projets industriels. \ud835\uddd4\ud835\ude01\ud835\ude01\ud835\uddf2\ud835\uddf6\ud835\uddf4\ud835\uddfb\ud835\uddf2\ud835\ude07 \ud835\uddf1\ud835\uddf2 \ud835\uddfb\ud835\uddfc\ud835\ude02\ud835\ude03\ud835\uddf2\ud835\uddee\ud835\ude02\ud835\ude05 \ud835\ude00\ud835\uddfc\ud835\uddfa\ud835\uddfa\ud835\uddf2\ud835\ude01\ud835\ude00 \ud835\uddee\ud835\ude03\ud835\uddf2\ud835\uddf0 \ud835\uddfb\ud835\uddfc\ud835\ude02\ud835\ude00!\",\"breadcrumb\":{\"@id\":\"https:\\\/\\\/groupealtan.com\\\/en\\\/service-offer\\\/#breadcrumb\"},\"inLanguage\":\"en-US\",\"potentialAction\":[{\"@type\":\"ReadAction\",\"target\":[\"https:\\\/\\\/groupealtan.com\\\/en\\\/service-offer\\\/\"]}]},{\"@type\":\"BreadcrumbList\",\"@id\":\"https:\\\/\\\/groupealtan.com\\\/en\\\/service-offer\\\/#breadcrumb\",\"itemListElement\":[{\"@type\":\"ListItem\",\"position\":1,\"name\":\"Home\",\"item\":\"https:\\\/\\\/groupealtan.com\\\/en\\\/\"},{\"@type\":\"ListItem\",\"position\":2,\"name\":\"Service offer\"}]},{\"@type\":\"WebSite\",\"@id\":\"https:\\\/\\\/groupealtan.com\\\/#website\",\"url\":\"https:\\\/\\\/groupealtan.com\\\/\",\"name\":\"Groupe Altan\",\"description\":\"Reach new heights with us!\",\"publisher\":{\"@id\":\"https:\\\/\\\/groupealtan.com\\\/#organization\"},\"potentialAction\":[{\"@type\":\"SearchAction\",\"target\":{\"@type\":\"EntryPoint\",\"urlTemplate\":\"https:\\\/\\\/groupealtan.com\\\/?s={search_term_string}\"},\"query-input\":{\"@type\":\"PropertyValueSpecification\",\"valueRequired\":true,\"valueName\":\"search_term_string\"}}],\"inLanguage\":\"en-US\"},{\"@type\":\"Organization\",\"@id\":\"https:\\\/\\\/groupealtan.com\\\/#organization\",\"name\":\"Groupe Altan\",\"url\":\"https:\\\/\\\/groupealtan.com\\\/\",\"logo\":{\"@type\":\"ImageObject\",\"inLanguage\":\"en-US\",\"@id\":\"https:\\\/\\\/groupealtan.com\\\/#\\\/schema\\\/logo\\\/image\\\/\",\"url\":\"https:\\\/\\\/groupealtan.com\\\/wp-content\\\/uploads\\\/GROUPE-ALTAN-LOGO-HORIZONTAL.jpg\",\"contentUrl\":\"https:\\\/\\\/groupealtan.com\\\/wp-content\\\/uploads\\\/GROUPE-ALTAN-LOGO-HORIZONTAL.jpg\",\"width\":2400,\"height\":900,\"caption\":\"Groupe Altan\"},\"image\":{\"@id\":\"https:\\\/\\\/groupealtan.com\\\/#\\\/schema\\\/logo\\\/image\\\/\"},\"sameAs\":[\"https:\\\/\\\/www.facebook.com\\\/groupealtan\"]}]}<\/script>\n<!-- \/ Yoast SEO plugin. -->","yoast_head_json":{"title":"Service offer - Groupe Altan","description":"Nous vous offrons des solutions industrielles compl\u00e8tes et adapt\u00e9es \u00e0 tous vos projets \u00e0 travers le Qu\u00e9bec. Chez \ud835\uddda\ud835\uddff\ud835\uddfc\ud835\ude02\ud835\uddfd\ud835\uddf2 \ud835\uddd4\ud835\uddf9\ud835\ude01\ud835\uddee\ud835\uddfb, vous trouverez tous les services n\u00e9cessaires regroup\u00e9s en un seul endroit, simplifiant ainsi la gestion de vos projets industriels. \ud835\uddd4\ud835\ude01\ud835\ude01\ud835\uddf2\ud835\uddf6\ud835\uddf4\ud835\uddfb\ud835\uddf2\ud835\ude07 \ud835\uddf1\ud835\uddf2 \ud835\uddfb\ud835\uddfc\ud835\ude02\ud835\ude03\ud835\uddf2\ud835\uddee\ud835\ude02\ud835\ude05 \ud835\ude00\ud835\uddfc\ud835\uddfa\ud835\uddfa\ud835\uddf2\ud835\ude01\ud835\ude00 \ud835\uddee\ud835\ude03\ud835\uddf2\ud835\uddf0 \ud835\uddfb\ud835\uddfc\ud835\ude02\ud835\ude00!","robots":{"index":"index","follow":"follow","max-snippet":"max-snippet:-1","max-image-preview":"max-image-preview:large","max-video-preview":"max-video-preview:-1"},"canonical":"https:\/\/groupealtan.com\/en\/service-offer\/","og_locale":"en_US","og_type":"article","og_title":"Offre de services - Groupe Altan","og_description":"Nous vous offrons des solutions industrielles compl\u00e8tes et adapt\u00e9es \u00e0 tous vos projets \u00e0 travers le Qu\u00e9bec. Chez \ud835\uddda\ud835\uddff\ud835\uddfc\ud835\ude02\ud835\uddfd\ud835\uddf2 \ud835\uddd4\ud835\uddf9\ud835\ude01\ud835\uddee\ud835\uddfb, vous trouverez tous les services n\u00e9cessaires regroup\u00e9s en un seul endroit, simplifiant ainsi la gestion de vos projets industriels. \ud835\uddd4\ud835\ude01\ud835\ude01\ud835\uddf2\ud835\uddf6\ud835\uddf4\ud835\uddfb\ud835\uddf2\ud835\ude07 \ud835\uddf1\ud835\uddf2 \ud835\uddfb\ud835\uddfc\ud835\ude02\ud835\ude03\ud835\uddf2\ud835\uddee\ud835\ude02\ud835\ude05 \ud835\ude00\ud835\uddfc\ud835\uddfa\ud835\uddfa\ud835\uddf2\ud835\ude01\ud835\ude00 \ud835\uddee\ud835\ude03\ud835\uddf2\ud835\uddf0 \ud835\uddfb\ud835\uddfc\ud835\ude02\ud835\ude00!","og_url":"https:\/\/groupealtan.com\/en\/service-offer\/","og_site_name":"Groupe Altan","article_publisher":"https:\/\/www.facebook.com\/groupealtan","article_modified_time":"2025-12-15T19:34:26+00:00","og_image":[{"width":1920,"height":1080,"url":"https:\/\/groupealtan.com\/wp-content\/uploads\/Offre-de-services-Groupe-Altan.png","type":"image\/png"}],"twitter_card":"summary_large_image","twitter_misc":{"Est. reading time":"1 minute"},"schema":{"@context":"https:\/\/schema.org","@graph":[{"@type":"WebPage","@id":"https:\/\/groupealtan.com\/en\/service-offer\/","url":"https:\/\/groupealtan.com\/en\/service-offer\/","name":"Service offer - Groupe Altan","isPartOf":{"@id":"https:\/\/groupealtan.com\/#website"},"datePublished":"2024-07-29T17:15:57+00:00","dateModified":"2025-12-15T19:34:26+00:00","description":"Nous vous offrons des solutions industrielles compl\u00e8tes et adapt\u00e9es \u00e0 tous vos projets \u00e0 travers le Qu\u00e9bec. Chez \ud835\uddda\ud835\uddff\ud835\uddfc\ud835\ude02\ud835\uddfd\ud835\uddf2 \ud835\uddd4\ud835\uddf9\ud835\ude01\ud835\uddee\ud835\uddfb, vous trouverez tous les services n\u00e9cessaires regroup\u00e9s en un seul endroit, simplifiant ainsi la gestion de vos projets industriels. \ud835\uddd4\ud835\ude01\ud835\ude01\ud835\uddf2\ud835\uddf6\ud835\uddf4\ud835\uddfb\ud835\uddf2\ud835\ude07 \ud835\uddf1\ud835\uddf2 \ud835\uddfb\ud835\uddfc\ud835\ude02\ud835\ude03\ud835\uddf2\ud835\uddee\ud835\ude02\ud835\ude05 \ud835\ude00\ud835\uddfc\ud835\uddfa\ud835\uddfa\ud835\uddf2\ud835\ude01\ud835\ude00 \ud835\uddee\ud835\ude03\ud835\uddf2\ud835\uddf0 \ud835\uddfb\ud835\uddfc\ud835\ude02\ud835\ude00!","breadcrumb":{"@id":"https:\/\/groupealtan.com\/en\/service-offer\/#breadcrumb"},"inLanguage":"en-US","potentialAction":[{"@type":"ReadAction","target":["https:\/\/groupealtan.com\/en\/service-offer\/"]}]},{"@type":"BreadcrumbList","@id":"https:\/\/groupealtan.com\/en\/service-offer\/#breadcrumb","itemListElement":[{"@type":"ListItem","position":1,"name":"Home","item":"https:\/\/groupealtan.com\/en\/"},{"@type":"ListItem","position":2,"name":"Service offer"}]},{"@type":"WebSite","@id":"https:\/\/groupealtan.com\/#website","url":"https:\/\/groupealtan.com\/","name":"Groupe Altan","description":"Reach new heights with us!","publisher":{"@id":"https:\/\/groupealtan.com\/#organization"},"potentialAction":[{"@type":"SearchAction","target":{"@type":"EntryPoint","urlTemplate":"https:\/\/groupealtan.com\/?s={search_term_string}"},"query-input":{"@type":"PropertyValueSpecification","valueRequired":true,"valueName":"search_term_string"}}],"inLanguage":"en-US"},{"@type":"Organization","@id":"https:\/\/groupealtan.com\/#organization","name":"Groupe Altan","url":"https:\/\/groupealtan.com\/","logo":{"@type":"ImageObject","inLanguage":"en-US","@id":"https:\/\/groupealtan.com\/#\/schema\/logo\/image\/","url":"https:\/\/groupealtan.com\/wp-content\/uploads\/GROUPE-ALTAN-LOGO-HORIZONTAL.jpg","contentUrl":"https:\/\/groupealtan.com\/wp-content\/uploads\/GROUPE-ALTAN-LOGO-HORIZONTAL.jpg","width":2400,"height":900,"caption":"Groupe Altan"},"image":{"@id":"https:\/\/groupealtan.com\/#\/schema\/logo\/image\/"},"sameAs":["https:\/\/www.facebook.com\/groupealtan"]}]}},"_links":{"self":[{"href":"https:\/\/groupealtan.com\/en\/wp-json\/wp\/v2\/pages\/15141","targetHints":{"allow":["GET"]}}],"collection":[{"href":"https:\/\/groupealtan.com\/en\/wp-json\/wp\/v2\/pages"}],"about":[{"href":"https:\/\/groupealtan.com\/en\/wp-json\/wp\/v2\/types\/page"}],"author":[{"embeddable":true,"href":"https:\/\/groupealtan.com\/en\/wp-json\/wp\/v2\/users\/5"}],"replies":[{"embeddable":true,"href":"https:\/\/groupealtan.com\/en\/wp-json\/wp\/v2\/comments?post=15141"}],"version-history":[{"count":2,"href":"https:\/\/groupealtan.com\/en\/wp-json\/wp\/v2\/pages\/15141\/revisions"}],"predecessor-version":[{"id":16162,"href":"https:\/\/groupealtan.com\/en\/wp-json\/wp\/v2\/pages\/15141\/revisions\/16162"}],"wp:attachment":[{"href":"https:\/\/groupealtan.com\/en\/wp-json\/wp\/v2\/media?parent=15141"}],"curies":[{"name":"wp","href":"https:\/\/api.w.org\/{rel}","templated":true}]}}